{"id":61,"date":"2024-07-07T22:17:20","date_gmt":"2024-07-07T20:17:20","guid":{"rendered":"https:\/\/hive-hospitality.fr\/?page_id=61"},"modified":"2024-07-07T22:30:35","modified_gmt":"2024-07-07T20:30:35","slug":"episode-1-lean-hospitality-management-for-people","status":"publish","type":"page","link":"https:\/\/hive-hospitality.fr\/index.php\/blog\/episode-1-lean-hospitality-management-for-people\/","title":{"rendered":"LEAN-HOSPITALITY MANAGEMENT FOR PEOPLE"},"content":{"rendered":"\n<p class=\"has-luminous-vivid-amber-color has-text-color has-link-color wp-elements-e74812839d122c73db96ff9a0f935672\"><strong>\u00c9PISODE 1<\/strong><\/p>\n\n\n\n<h3 class=\"wp-block-heading has-luminous-vivid-amber-color has-text-color has-link-color wp-elements-a8c109c8d2720bc65387d770c3ae61ca\">Maya : <em>Lean-Hospitality Management for People<\/em>, qu\u00e8saco&nbsp;?<\/h3>\n\n\n\n<p>Eric&nbsp;: Le Lean-Management a \u00e9t\u00e9 cr\u00e9\u00e9 dans les ann\u00e9es 60 par la firme Toyota au Japon. En gros, cette une m\u00e9thode \u00ab&nbsp;antigaspi&nbsp;\u00bb pour optimiser la performance&nbsp;!<\/p>\n\n\n\n<h3 class=\"wp-block-heading has-luminous-vivid-amber-color has-text-color has-link-color wp-elements-41cb9760265bc19dee6e8963d2770bc4\">Comment appliques-tu cette m\u00e9thode dans notre environnement professionnel&nbsp;?<\/h3>\n\n\n\n<p>E&nbsp;: Nous devons partir d\u2019un Diagnostic pour ensuite mettre en \u0153uvre les principes de cette m\u00e9thode. Bien entendu, Hive apporte la formation, l\u2019accompagnement et les outils n\u00e9cessaires comme le POP ( Plan Op\u00e9rationnel de Performance) , ScoreCard, et comment r\u00e9aliser le diagnostic\u2026<\/p>\n\n\n\n<h3 class=\"wp-block-heading has-luminous-vivid-amber-color has-text-color has-link-color wp-elements-4908d95ca5195ca47018e6fc70303f45\">OK, as-tu un exemple&nbsp;?<\/h3>\n\n\n\n<p>E&nbsp;: Lors d\u2019une mission r\u00e9cente, pour un confr\u00e8re h\u00f4telier lyonnais, le diagnostic a permis d\u2019identifier certains \u00ab&nbsp;co\u00fbts cach\u00e9s&nbsp;\u00bb&nbsp;: le centre de revenu petit-d\u00e9jeuner n\u2019\u00e9tait plus optimis\u00e9. Les actions correctives propos\u00e9es vont permettre d\u2019augmenter le revenu de 20% en optimisant les marges tout en am\u00e9liorant la satisfaction client. Les \u00e9quipes ont d\u00e9j\u00e0 mis en \u0153uvre les actions et les indicateurs sont aujourd\u2019hui orient\u00e9s \u00e0 la hausse.<\/p>\n\n\n\n<h3 class=\"wp-block-heading has-luminous-vivid-amber-color has-text-color has-link-color wp-elements-7281e9ff68f93bbaa690d24c72ccb3c5\">Le directeur de cet \u00e9tablissement doit \u00eatre ravi&nbsp;!<br>J\u2019ai remarqu\u00e9 le mot <em>People<\/em>&nbsp;, comment impliques-tu les \u00e9quipes&nbsp;?<\/h3>\n\n\n\n<p>E&nbsp;: Les femmes &amp; les hommes de chaque entreprise sont la valeur la plus pr\u00e9cieuse de l\u2019entreprise. Chez HIVE, nous en sommes convaincus&nbsp;! La strat\u00e9gie op\u00e9rationnelle ne peut aboutir sans l\u2019implication des \u00e9quipes. HIVE propose formations et accompagnements. Par exemple&nbsp;: \u00ab&nbsp;La Place du Client &amp; le R\u00f4le de Chacun&nbsp;\u00bb qui produit de belles r\u00e9ussites depuis 2011. De plus, HIVE propose \u00e0 chaque dirigeant une solution pour remercier ses \u00e9quipes au travers d\u2019un CPPN (Contrat de Performance P\u00e9riodiquement N\u00e9gociable).<\/p>\n\n\n\n<h3 class=\"wp-block-heading has-luminous-vivid-amber-color has-text-color has-link-color wp-elements-b98e091073a3e1016d6d4f46d9bd0791\">Tes interventions durent longtemps&nbsp;?<\/h3>\n\n\n\n<p>E&nbsp;: Oui et non. 6 mois, 1 mois, 1 semaine, 2 jours\u2026 Nous \u00e9tablissons notre proposition en fonction des besoins de chacun de nos clients.<\/p>\n\n\n\n<h3 class=\"wp-block-heading has-luminous-vivid-amber-color has-text-color has-link-color wp-elements-77004cef3b006caece9f9d8fc77f837d\">Comment puis-je faire dans mon unit\u00e9 pour qu\u2019on continue \u00e0 performer&nbsp;?<\/h3>\n\n\n\n<p>E&nbsp;: Prenons rendez-vous Maya&nbsp; afin que je puisse connaitre ton but, tes attentes et objectifs souhait\u00e9s.<\/p>\n\n\n\n<h3 class=\"wp-block-heading has-luminous-vivid-amber-color has-text-color has-link-color wp-elements-b790bee5ff309d76347073c9e2010549\">OK, on va prendre rdv. As-tu un petit cadeau pour moi&nbsp;?<\/h3>\n\n\n\n<p>E&nbsp;: Comme avec mes partenaires, nous lan\u00e7ons HIVE, nous proposons une offre de lancement avec une remise de 10% pour le premier contrat sign\u00e9<\/p>\n\n\n\n<h3 class=\"wp-block-heading has-luminous-vivid-amber-color has-text-color has-link-color wp-elements-080cfbdf56c2ba6296e70972fd26b6cb\">Merci Eric et \u00e0 bient\u00f4t !<\/h3>\n\n\n\n<p>E&nbsp;: \u00c0 bient\u00f4t pour l\u2019\u00e9pisode 2 sur hive-hospitality.fr<\/p>\n","protected":false},"excerpt":{"rendered":"<p>\u00c9PISODE 1 Maya : Lean-Hospitality Management for People, qu\u00e8saco&nbsp;? Eric&nbsp;: Le Lean-Management a \u00e9t\u00e9 cr\u00e9\u00e9 dans les ann\u00e9es 60 par la firme Toyota au Japon. En gros, cette une m\u00e9thode \u00ab&nbsp;antigaspi&nbsp;\u00bb pour optimiser la performance&nbsp;! Comment appliques-tu cette m\u00e9thode dans notre environnement professionnel&nbsp;? E&nbsp;: Nous devons partir d\u2019un Diagnostic pour ensuite mettre en \u0153uvre les &hellip; <\/p>\n<p class=\"link-more\"><a href=\"https:\/\/hive-hospitality.fr\/index.php\/blog\/episode-1-lean-hospitality-management-for-people\/\" class=\"more-link\">Continue reading<span class=\"screen-reader-text\"> &#8220;LEAN-HOSPITALITY MANAGEMENT FOR PEOPLE&#8221;<\/span><\/a><\/p>\n","protected":false},"author":1,"featured_media":0,"parent":11,"menu_order":0,"comment_status":"closed","ping_status":"closed","template":"","meta":{"footnotes":""},"class_list":["post-61","page","type-page","status-publish","hentry"],"_links":{"self":[{"href":"https:\/\/hive-hospitality.fr\/index.php\/wp-json\/wp\/v2\/pages\/61","targetHints":{"allow":["GET"]}}],"collection":[{"href":"https:\/\/hive-hospitality.fr\/index.php\/wp-json\/wp\/v2\/pages"}],"about":[{"href":"https:\/\/hive-hospitality.fr\/index.php\/wp-json\/wp\/v2\/types\/page"}],"author":[{"embeddable":true,"href":"https:\/\/hive-hospitality.fr\/index.php\/wp-json\/wp\/v2\/users\/1"}],"replies":[{"embeddable":true,"href":"https:\/\/hive-hospitality.fr\/index.php\/wp-json\/wp\/v2\/comments?post=61"}],"version-history":[{"count":4,"href":"https:\/\/hive-hospitality.fr\/index.php\/wp-json\/wp\/v2\/pages\/61\/revisions"}],"predecessor-version":[{"id":75,"href":"https:\/\/hive-hospitality.fr\/index.php\/wp-json\/wp\/v2\/pages\/61\/revisions\/75"}],"up":[{"embeddable":true,"href":"https:\/\/hive-hospitality.fr\/index.php\/wp-json\/wp\/v2\/pages\/11"}],"wp:attachment":[{"href":"https:\/\/hive-hospitality.fr\/index.php\/wp-json\/wp\/v2\/media?parent=61"}],"curies":[{"name":"wp","href":"https:\/\/api.w.org\/{rel}","templated":true}]}}